{"id":35755,"date":"2025-03-05T18:23:59","date_gmt":"2025-03-05T18:23:59","guid":{"rendered":"https:\/\/marqalicante-admin.qwair.com\/item\/tetradracma-anos-433-429-a-c\/"},"modified":"2025-03-05T18:27:26","modified_gmt":"2025-03-05T18:27:26","slug":"tetradracma-anos-433-429-a-c","status":"publish","type":"product","link":"https:\/\/marqalicante-admin.qwair.com\/en\/product\/tetradracma-anos-433-429-a-c\/","title":{"rendered":"<b>Tetradracma<\/b>   433-429 BC"},"content":{"rendered":"","protected":false},"excerpt":{"rendered":"<h3>Full Iberian<\/h3>\n<p><b>Metal:<\/b> Silver.<br \/><b>Issuing entity: <\/b> Messana (Messina, Sicily).<br \/><b>Mint:<\/b> Messana (Messina, Sicily).<br \/><b>Date:<\/b> 433-429 BC<br \/><b>Obverse:<\/b><br \/> Auriga holding whip and reins, while driving a chariot pulled by mules, right. Below, in exergue, a slender fish to the right. Above the chariot, Nike flying left and holding wreath.<br \/><b>Reverse:<\/b><br \/> Hare running to the right, under which appears the legend ME\u03a3\u03a3\u0391NI\u03a9N. Letter Y above the hare. It has a dotted graphite.<br \/><b>Weight:<\/b> 17.18 g - <b>Diameter:<\/b> 28 mm - <b>Axes:<\/b> 9 h.<br \/><b>Described in:<\/b> Caccamo Caltabiano, M., 1993: \"La monetazione di Messana con le Emissioni di Rhegion dell'eta' della Tirannide\", AMUGS XIII, Berlin, series XI, no. 444.<br \/><b>Published in:<\/b><br \/>Ram\u00f3n S\u00e1nchez, J.J., Garc\u00eda Barrachina, A., Verd\u00fa Parra, E., Bayo Fuentes, S., 2010: \"Cat\u00e1logo. Antig\u00fcedad\", in Ram\u00f3n S\u00e1nchez, J.J. (ed.), Monedas. Todas las caras de la Historia. Numismatic collections of the MARQ, Alicante, p. 96.<br \/><b>Monetary Inventory Number:<\/b> 6273.<br \/>Purchase. Enrique Llobregat Collection<\/p>","protected":false},"featured_media":35039,"template":"","meta":{"kia_subtitle":""},"product_brand":[],"product_cat":[2316],"product_tag":[],"class_list":{"0":"post-35755","1":"product","2":"type-product","3":"status-publish","4":"has-post-thumbnail","6":"product_cat-catalogo-numismatico","8":"first","9":"instock","10":"virtual","11":"product-type-simple"},"meta_box":{"ia_expediente":"","ia_ano":"","ia_fechas_de_actuacion":"","ia_municipios_comarcas":"","ia_directores":"","ia_periodos_culturales":"","ia_tipos_de_intervencion":"","ia_equipo_tecnico":"","ia_autores":"","ia_promotores":"","ia_deposito_de_materiales":"","ia_coordenadas_utm":""},"_links":{"self":[{"href":"https:\/\/marqalicante-admin.qwair.com\/en\/wp-json\/wp\/v2\/product\/35755","targetHints":{"allow":["GET"]}}],"collection":[{"href":"https:\/\/marqalicante-admin.qwair.com\/en\/wp-json\/wp\/v2\/product"}],"about":[{"href":"https:\/\/marqalicante-admin.qwair.com\/en\/wp-json\/wp\/v2\/types\/product"}],"wp:featuredmedia":[{"embeddable":true,"href":"https:\/\/marqalicante-admin.qwair.com\/en\/wp-json\/wp\/v2\/media\/35039"}],"wp:attachment":[{"href":"https:\/\/marqalicante-admin.qwair.com\/en\/wp-json\/wp\/v2\/media?parent=35755"}],"wp:term":[{"taxonomy":"product_brand","embeddable":true,"href":"https:\/\/marqalicante-admin.qwair.com\/en\/wp-json\/wp\/v2\/product_brand?post=35755"},{"taxonomy":"product_cat","embeddable":true,"href":"https:\/\/marqalicante-admin.qwair.com\/en\/wp-json\/wp\/v2\/product_cat?post=35755"},{"taxonomy":"product_tag","embeddable":true,"href":"https:\/\/marqalicante-admin.qwair.com\/en\/wp-json\/wp\/v2\/product_tag?post=35755"}],"curies":[{"name":"wp","href":"https:\/\/api.w.org\/{rel}","templated":true}]}}