{"id":18708,"date":"2025-02-03T07:09:32","date_gmt":"2025-02-03T07:09:32","guid":{"rendered":"https:\/\/marqalicante-admin.qwair.com\/item\/marq-arqueologia-y-museos-13-2\/"},"modified":"2025-06-04T16:33:30","modified_gmt":"2025-06-04T16:33:30","slug":"marq-arqueologia-y-museos-13-2","status":"publish","type":"product","link":"https:\/\/marqalicante-admin.qwair.com\/en\/product\/marq-arqueologia-y-museos-13-2\/","title":{"rendered":"MARQ, ARCHAEOLOGY AND MUSEUMS 13"},"content":{"rendered":"<div class=\"documento-item\">\n                    <h2 class=\"documento-title\">El Argar 1991<\/h2>\n        \n                    <p class=\"documento-subtitle\">Hermanfrid Schubart and Dirce Marzoli, with contributions from Corina Liesau, Hans- Gert Bachmann, Rafael Pozo Mar\u00edn, Hans-Peter Stikay Bettina Jurich<\/p>\n        \n                    <a href=\"\/wp-content\/uploads\/2025\/01\/publi-revistas\/pub_216.pdf\" class=\"documento-btn\">\n                <i class=\"fas fa-file-pdf\"><\/i> Download PDF\n            <\/a>\n            <\/div>\n\n        \n    <div class=\"documento-item\">\n                    <h2 class=\"documento-title\">New contributions to the study of Argaric textile production: the loom weights from Laderas del Castillo<\/h2>\n        \n                    <p class=\"documento-subtitle\">Ricardo E. Basso Rial<\/p>\n        \n                    <a href=\"\/wp-content\/uploads\/2025\/01\/publi-revistas\/pub_217.pdf\" class=\"documento-btn\">\n                <i class=\"fas fa-file-pdf\"><\/i> Download PDF\n            <\/a>\n            <\/div>\n\n        \n    <div class=\"documento-item\">\n                    <h2 class=\"documento-title\">Excavations at the site of Cap Prim (X\u00e0bia, Alicante). First results<\/h2>\n        \n                    <p class=\"documento-subtitle\">Marco A. Esquembre Bebia, Joaquim Bolufer Marqu\u00e9s, Jos\u00e9 Ram\u00f3n Ortega P\u00e9rez, Juan De Dios Boronat Soler, Eloi Poveda, Adri\u00e0 Esquembre Sell\u00e9s<\/p>\n        \n                    <a href=\"\/wp-content\/uploads\/2025\/01\/publi-revistas\/pub_218.pdf\" class=\"documento-btn\">\n                <i class=\"fas fa-file-pdf\"><\/i> Download PDF\n            <\/a>\n            <\/div>\n\n        \n    <div class=\"documento-item\">\n                    <h2 class=\"documento-title\">On the constructive remains of earth in archaeology and the methodology for their macroscopic study.<\/h2>\n        \n                    <p class=\"documento-subtitle\">Mar\u00eda Pastor Quiles<\/p>\n        \n                    <a href=\"\/wp-content\/uploads\/2025\/01\/publi-revistas\/pub_219.pdf\" class=\"documento-btn\">\n                <i class=\"fas fa-file-pdf\"><\/i> Download PDF\n            <\/a>\n            <\/div>\n\n        \n    <div class=\"documento-item\">\n                    <h2 class=\"documento-title\">Recovery and enhancement of three bronze belt brooches from the necropolis of l'Albufereta (Alicante) from the restoration process.<\/h2>\n        \n                    <p class=\"documento-subtitle\">Enric Verd\u00fa Parra, Tatiana Mar\u00eda Mart\u00ednez Riera, Silvia Roca Alberola<\/p>\n        \n                    <a href=\"\/wp-content\/uploads\/2025\/01\/publi-revistas\/pub_220.pdf\" class=\"documento-btn\">\n                <i class=\"fas fa-file-pdf\"><\/i> Download PDF\n            <\/a>\n            <\/div>\n\n        \n    <div class=\"documento-item\">\n                    <h2 class=\"documento-title\">The Andalusian rural settlement in the middle Vinalop\u00f3 valley: Results of the archaeological surveys in the Alquer\u00eda de Pu\u00e7a (Petrer, Alicante).<\/h2>\n        \n                    <p class=\"documento-subtitle\">Jos\u00e9 Mar\u00eda Moreno Narganes, Joaqu\u00edn Pina Mira, Pedro Jos\u00e9 Saura Gil, Fernando E. Tendero Fern\u00e1ndez, Jos\u00e9 Daniel Busquier L\u00f3pez, Arturo Garc\u00eda L\u00f3pez, Raquel P\u00e9rez Serrano<\/p>\n        \n                    <a href=\"\/wp-content\/uploads\/2025\/01\/publi-revistas\/pub_221.pdf\" class=\"documento-btn\">\n                <i class=\"fas fa-file-pdf\"><\/i> Download PDF\n            <\/a>\n            <\/div>\n\n        \n    <div class=\"documento-item\">\n                    <h2 class=\"documento-title\">Archaeology of the coastal defensive landscape. The geographical system of Mediterranean watchtowers.<\/h2>\n        \n                    <p class=\"documento-subtitle\">Marina Perals Parra<\/p>\n        \n                    <a href=\"\/wp-content\/uploads\/2025\/01\/publi-revistas\/pub_222.pdf\" class=\"documento-btn\">\n                <i class=\"fas fa-file-pdf\"><\/i> Download PDF\n            <\/a>\n            <\/div>\n\n        \n    <div class=\"documento-item\">\n                    <h2 class=\"documento-title\">MARQ. Archaeological Newsletter 2021<\/h2>\n        \n                    <p class=\"documento-subtitle\">VVAA<\/p>\n        \n                    <a href=\"\/wp-content\/uploads\/2025\/01\/publi-revistas\/pub_223.pdf\" class=\"documento-btn\">\n                <i class=\"fas fa-file-pdf\"><\/i> Download PDF\n            <\/a>\n            <\/div>\n\n        \n    <div class=\"documento-item\">\n                    <h2 class=\"documento-title\">MARQ. Activities Report 2021<\/h2>\n        \n                    <p class=\"documento-subtitle\">MARQ technical team<\/p>\n        \n                    <a href=\"\/wp-content\/uploads\/2025\/01\/publi-revistas\/pub_224.pdf\" class=\"documento-btn\">\n                <i class=\"fas fa-file-pdf\"><\/i> Download PDF\n            <\/a>\n            <\/div>","protected":false},"excerpt":{"rendered":"<p>Periodical and systematic publication on archaeological research work with articles focused on the practice of museums, to publicise research into the rich archaeological heritage of Alicante.<\/p>","protected":false},"featured_media":18533,"template":"","meta":{"kia_subtitle":""},"product_brand":[],"product_cat":[1365],"product_tag":[],"class_list":{"0":"post-18708","1":"product","2":"type-product","3":"status-publish","4":"has-post-thumbnail","6":"product_cat-marq-arqueologia-y-museos","8":"first","9":"instock","10":"virtual","11":"product-type-simple"},"meta_box":{"ia_expediente":"","ia_ano":"","ia_fechas_de_actuacion":"","ia_municipios_comarcas":"","ia_directores":"","ia_periodos_culturales":"","ia_tipos_de_intervencion":"","ia_equipo_tecnico":"","ia_autores":"","ia_promotores":"","ia_deposito_de_materiales":"","ia_coordenadas_utm":""},"_links":{"self":[{"href":"https:\/\/marqalicante-admin.qwair.com\/en\/wp-json\/wp\/v2\/product\/18708","targetHints":{"allow":["GET"]}}],"collection":[{"href":"https:\/\/marqalicante-admin.qwair.com\/en\/wp-json\/wp\/v2\/product"}],"about":[{"href":"https:\/\/marqalicante-admin.qwair.com\/en\/wp-json\/wp\/v2\/types\/product"}],"wp:featuredmedia":[{"embeddable":true,"href":"https:\/\/marqalicante-admin.qwair.com\/en\/wp-json\/wp\/v2\/media\/18533"}],"wp:attachment":[{"href":"https:\/\/marqalicante-admin.qwair.com\/en\/wp-json\/wp\/v2\/media?parent=18708"}],"wp:term":[{"taxonomy":"product_brand","embeddable":true,"href":"https:\/\/marqalicante-admin.qwair.com\/en\/wp-json\/wp\/v2\/product_brand?post=18708"},{"taxonomy":"product_cat","embeddable":true,"href":"https:\/\/marqalicante-admin.qwair.com\/en\/wp-json\/wp\/v2\/product_cat?post=18708"},{"taxonomy":"product_tag","embeddable":true,"href":"https:\/\/marqalicante-admin.qwair.com\/en\/wp-json\/wp\/v2\/product_tag?post=18708"}],"curies":[{"name":"wp","href":"https:\/\/api.w.org\/{rel}","templated":true}]}}