{"id":18686,"date":"2025-01-20T06:01:48","date_gmt":"2025-01-20T06:01:48","guid":{"rendered":"https:\/\/marqalicante-admin.qwair.com\/item\/la-pobla-medieval-de-ifach-calp-alicante-10-anos-de-arqueologia-medieval-en-el-penyal-difac\/"},"modified":"2025-06-04T16:33:28","modified_gmt":"2025-06-04T16:33:28","slug":"la-pobla-medieval-de-ifach-calp-alicante-10-anos-de-arqueologia-medieval-en-el-penyal-difac","status":"publish","type":"product","link":"https:\/\/marqalicante-admin.qwair.com\/en\/product\/la-pobla-medieval-de-ifach-calp-alicante-10-anos-de-arqueologia-medieval-en-el-penyal-difac\/","title":{"rendered":"The medieval town of Ifach (Calp, Alicante). 10 years of medieval archaeology in Penyal d'Ifac."},"content":{"rendered":"","protected":false},"excerpt":{"rendered":"<p>8th volume of the series \"Excavaciones Arqueol\u00f3gicas. Memories\", which compiles the advances, findings and research carried out during the last 10 years in the excavations of the medieval town of Ifach, in Calp (Alicante), under the direction of Jos\u00e9 Lu\u00eds Men\u00e9ndez Fueyo.<\/p>","protected":false},"featured_media":18511,"template":"","meta":{"kia_subtitle":""},"product_brand":[],"product_cat":[1397],"product_tag":[],"class_list":{"0":"post-18686","1":"product","2":"type-product","3":"status-publish","4":"has-post-thumbnail","6":"product_cat-publicaciones","8":"first","9":"instock","10":"virtual","11":"product-type-simple"},"meta_box":{"ia_expediente":"","ia_ano":"","ia_fechas_de_actuacion":"","ia_municipios_comarcas":"","ia_directores":"","ia_periodos_culturales":"","ia_tipos_de_intervencion":"","ia_equipo_tecnico":"","ia_autores":"","ia_promotores":"","ia_deposito_de_materiales":"","ia_coordenadas_utm":""},"_links":{"self":[{"href":"https:\/\/marqalicante-admin.qwair.com\/en\/wp-json\/wp\/v2\/product\/18686","targetHints":{"allow":["GET"]}}],"collection":[{"href":"https:\/\/marqalicante-admin.qwair.com\/en\/wp-json\/wp\/v2\/product"}],"about":[{"href":"https:\/\/marqalicante-admin.qwair.com\/en\/wp-json\/wp\/v2\/types\/product"}],"wp:featuredmedia":[{"embeddable":true,"href":"https:\/\/marqalicante-admin.qwair.com\/en\/wp-json\/wp\/v2\/media\/18511"}],"wp:attachment":[{"href":"https:\/\/marqalicante-admin.qwair.com\/en\/wp-json\/wp\/v2\/media?parent=18686"}],"wp:term":[{"taxonomy":"product_brand","embeddable":true,"href":"https:\/\/marqalicante-admin.qwair.com\/en\/wp-json\/wp\/v2\/product_brand?post=18686"},{"taxonomy":"product_cat","embeddable":true,"href":"https:\/\/marqalicante-admin.qwair.com\/en\/wp-json\/wp\/v2\/product_cat?post=18686"},{"taxonomy":"product_tag","embeddable":true,"href":"https:\/\/marqalicante-admin.qwair.com\/en\/wp-json\/wp\/v2\/product_tag?post=18686"}],"curies":[{"name":"wp","href":"https:\/\/api.w.org\/{rel}","templated":true}]}}