{"id":18676,"date":"2025-01-20T06:01:45","date_gmt":"2025-01-20T06:01:45","guid":{"rendered":"https:\/\/marqalicante-admin.qwair.com\/item\/arte-rupestre-en-alicante\/"},"modified":"2025-07-23T06:41:38","modified_gmt":"2025-07-23T06:41:38","slug":"arte-rupestre-en-alicante","status":"publish","type":"product","link":"https:\/\/marqalicante-admin.qwair.com\/en\/product\/arte-rupestre-en-alicante\/","title":{"rendered":"Rock Art in Alicante"},"content":{"rendered":"<div class=\"documento-item\">\n        \n        \n                    <a href=\"https:\/\/marqalicante-classic-admin.qwair.com\/contenido\/publicaciones\/pub_141.pdf\" class=\"documento-btn\" target=\"_blank\" rel=\"noopener\">\n                <i class=\"fas fa-file-pdf\"><\/i> Download PDF\n            <\/a>\n            <\/div>","protected":false},"excerpt":{"rendered":"<p>By sponsoring the publication of this book on rock art in Alicante, the Banco de Alicante and the Fundaci\u00f3n Banco Exterior de Espa\u00f1a are helping to disseminate the research and work carried out over the last eight years by Professor Mauro S. Hern\u00e1ndez P\u00e9rez, Professor of Prehistory at the University of Alicante, with the valuable collaboration of the Centre d'Estudis Contestans de Cocentaina. Two members of the Centre, Pere Ferrer i Marset and Enrique Catal\u00e1 Ferrer, and occasionally many others, have constituted, with Professor Mauro Hern\u00e1ndez and some of his students from the University, an enthusiastic and dedicated team, capable of obtaining extraordinarily important results.<\/p>","protected":false},"featured_media":18501,"template":"","meta":{"kia_subtitle":""},"product_brand":[],"product_cat":[1397],"product_tag":[],"class_list":{"0":"post-18676","1":"product","2":"type-product","3":"status-publish","4":"has-post-thumbnail","6":"product_cat-publicaciones","8":"first","9":"instock","10":"virtual","11":"product-type-simple"},"meta_box":{"ia_expediente":"","ia_ano":"","ia_fechas_de_actuacion":"","ia_municipios_comarcas":"","ia_directores":"","ia_periodos_culturales":"","ia_tipos_de_intervencion":"","ia_equipo_tecnico":"","ia_autores":"","ia_promotores":"","ia_deposito_de_materiales":"","ia_coordenadas_utm":""},"_links":{"self":[{"href":"https:\/\/marqalicante-admin.qwair.com\/en\/wp-json\/wp\/v2\/product\/18676","targetHints":{"allow":["GET"]}}],"collection":[{"href":"https:\/\/marqalicante-admin.qwair.com\/en\/wp-json\/wp\/v2\/product"}],"about":[{"href":"https:\/\/marqalicante-admin.qwair.com\/en\/wp-json\/wp\/v2\/types\/product"}],"wp:featuredmedia":[{"embeddable":true,"href":"https:\/\/marqalicante-admin.qwair.com\/en\/wp-json\/wp\/v2\/media\/18501"}],"wp:attachment":[{"href":"https:\/\/marqalicante-admin.qwair.com\/en\/wp-json\/wp\/v2\/media?parent=18676"}],"wp:term":[{"taxonomy":"product_brand","embeddable":true,"href":"https:\/\/marqalicante-admin.qwair.com\/en\/wp-json\/wp\/v2\/product_brand?post=18676"},{"taxonomy":"product_cat","embeddable":true,"href":"https:\/\/marqalicante-admin.qwair.com\/en\/wp-json\/wp\/v2\/product_cat?post=18676"},{"taxonomy":"product_tag","embeddable":true,"href":"https:\/\/marqalicante-admin.qwair.com\/en\/wp-json\/wp\/v2\/product_tag?post=18676"}],"curies":[{"name":"wp","href":"https:\/\/api.w.org\/{rel}","templated":true}]}}