{"id":18663,"date":"2025-02-03T07:09:32","date_gmt":"2025-02-03T07:09:32","guid":{"rendered":"https:\/\/marqalicante-admin.qwair.com\/item\/marq-arqueologia-y-museos-04-2\/"},"modified":"2025-06-04T16:33:27","modified_gmt":"2025-06-04T16:33:27","slug":"marq-arqueologia-y-museos-04-2","status":"publish","type":"product","link":"https:\/\/marqalicante-admin.qwair.com\/en\/product\/marq-arqueologia-y-museos-04-2\/","title":{"rendered":"MARQ, ARCHAEOLOGY AND MUSEUMS 04"},"content":{"rendered":"<div class=\"documento-item\">\n                    <h2 class=\"documento-title\">Graphic complexes of Central Asia<\/h2>\n        \n                    <p class=\"documento-subtitle\">Marina E. Kilunovskaya<\/p>\n        \n                    <a href=\"\/wp-content\/uploads\/2025\/01\/publi-revistas\/pub_61.pdf\" class=\"documento-btn\">\n                <i class=\"fas fa-file-pdf\"><\/i> Download PDF\n            <\/a>\n            <\/div>\n\n        \n    <div class=\"documento-item\">\n                    <h2 class=\"documento-title\">Ethno-Cultural Interactions in Northern Eurasia in the 3rd-1st Millennia BC<\/h2>\n        \n                    <p class=\"documento-subtitle\">Vladimir A. Semenov<\/p>\n        \n                    <a href=\"\/wp-content\/uploads\/2025\/01\/publi-revistas\/pub_62.pdf\" class=\"documento-btn\">\n                <i class=\"fas fa-file-pdf\"><\/i> Download PDF\n            <\/a>\n            <\/div>\n\n        \n    <div class=\"documento-item\">\n                    <h2 class=\"documento-title\">Emergency archaeological excavation campaign at Caramoro II (Elx, Alacant)<\/h2>\n        \n                    <p class=\"documento-subtitle\">Pablo Garc\u00eda Borja, Yolanda Carri\u00f3n Marco, Isabel Collado Beneyto, Ignacio Montero Ruiz, Manuel Mu\u00f1oz Abril, Guillem P\u00e9rez Jord\u00e1, Clodoaldo Rold\u00e1n Garc\u00eda, D\u00eddac Roman Monroig, Carmen Tormo Cu\u00f1at, Carlos Verdasco Cebri\u00e1n, Jaime Vives-Ferr\u00e1ndiz<\/p>\n        \n                    <a href=\"\/wp-content\/uploads\/2025\/01\/publi-revistas\/pub_63.pdf\" class=\"documento-btn\">\n                <i class=\"fas fa-file-pdf\"><\/i> Download PDF\n            <\/a>\n            <\/div>\n\n        \n    <div class=\"documento-item\">\n                    <h2 class=\"documento-title\">Fortified peasants facing feudal conquerors in the Alicante mountains (12th-13th century)<\/h2>\n        \n                    <p class=\"documento-subtitle\">Rafael Azuar Ru\u00edz<\/p>\n        \n                    <a href=\"\/wp-content\/uploads\/2025\/01\/publi-revistas\/pub_64.pdf\" class=\"documento-btn\">\n                <i class=\"fas fa-file-pdf\"><\/i> Download PDF\n            <\/a>\n            <\/div>\n\n        \n    <div class=\"documento-item\">\n                    <h2 class=\"documento-title\">Restorative intervention and historical research. The access system to the medieval castle of Alicante.<\/h2>\n        \n                    <p class=\"documento-subtitle\">M\u00e0rius Bevi\u00e0 i Garc\u00eda, Silvia Yus Cecilia and Jaime Giner Mart\u00ednez<\/p>\n        \n                    <a href=\"\/wp-content\/uploads\/2025\/01\/publi-revistas\/pub_65.pdf\" class=\"documento-btn\">\n                <i class=\"fas fa-file-pdf\"><\/i> Download PDF\n            <\/a>\n            <\/div>\n\n        \n    <div class=\"documento-item\">\n                    <h2 class=\"documento-title\">Didactics of the Neolithic at MARQ and the Pla de Petracos. About the Museum's participation in the Reality Project(*)<\/h2>\n        \n                    <p class=\"documento-subtitle\">Jorge A. Soler D\u00edaz and Gema Sala P\u00e9rez<\/p>\n        \n                    <a href=\"\/wp-content\/uploads\/2025\/01\/publi-revistas\/pub_66.pdf\" class=\"documento-btn\">\n                <i class=\"fas fa-file-pdf\"><\/i> Download PDF\n            <\/a>\n            <\/div>\n\n        \n    <div class=\"documento-item\">\n                    <h2 class=\"documento-title\">An integrated experience of prehistoric education and research. The Learning Camp of La Noguera<\/h2>\n        \n                    <p class=\"documento-subtitle\">Antoni Bardavio Novi<\/p>\n        \n                    <a href=\"\/wp-content\/uploads\/2025\/01\/publi-revistas\/pub_67.pdf\" class=\"documento-btn\">\n                <i class=\"fas fa-file-pdf\"><\/i> Download PDF\n            <\/a>\n            <\/div>\n\n        \n    <div class=\"documento-item\">\n                    <h2 class=\"documento-title\">Interpreting heritage in new-generation museography<\/h2>\n        \n                    <p class=\"documento-subtitle\">Joan Santacana Mestre<\/p>\n        \n                    <a href=\"\/wp-content\/uploads\/2025\/01\/publi-revistas\/pub_68.pdf\" class=\"documento-btn\">\n                <i class=\"fas fa-file-pdf\"><\/i> Download PDF\n            <\/a>\n            <\/div>\n\n        \n    <div class=\"documento-item\">\n                    <h2 class=\"documento-title\">The relationship between the past and the present. Thinking about what future we want knowing Prehistory.<\/h2>\n        \n                    <p class=\"documento-subtitle\">Paula Jard\u00f3n Giner<\/p>\n        \n                    <a href=\"\/wp-content\/uploads\/2025\/01\/publi-revistas\/pub_69.pdf\" class=\"documento-btn\">\n                <i class=\"fas fa-file-pdf\"><\/i> Download PDF\n            <\/a>\n            <\/div>\n\n        \n    <div class=\"documento-item\">\n                    <h2 class=\"documento-title\">The educational values of prehistory in compulsory schooling<\/h2>\n        \n                    <p class=\"documento-subtitle\">Gonzalo Ruiz Zapatero<\/p>\n        \n                    <a href=\"\/wp-content\/uploads\/2025\/01\/publi-revistas\/pub_70.pdf\" class=\"documento-btn\">\n                <i class=\"fas fa-file-pdf\"><\/i> Download PDF\n            <\/a>\n            <\/div>\n\n        \n    <div class=\"documento-item\">\n                    <h2 class=\"documento-title\">MARQ. Cultural Merit Award 2009<\/h2>\n        \n                    <p class=\"documento-subtitle\">Josep. A. Cort\u00e9s Garrido, Manuel H. Olcina Dom\u00e8nech and Jorge A. Soler D\u00edaz<\/p>\n        \n                    <a href=\"\/wp-content\/uploads\/2025\/01\/publi-revistas\/pub_71.pdf\" class=\"documento-btn\">\n                <i class=\"fas fa-file-pdf\"><\/i> Download PDF\n            <\/a>\n            <\/div>\n\n        \n    <div class=\"documento-item\">\n                    <h2 class=\"documento-title\">MARQ. Report of activities 2008-2009<\/h2>\n        \n                    <p class=\"documento-subtitle\">MARQ. Technical team<\/p>\n        \n                    <a href=\"\/wp-content\/uploads\/2025\/01\/publi-revistas\/pub_72.pdf\" class=\"documento-btn\">\n                <i class=\"fas fa-file-pdf\"><\/i> Download PDF\n            <\/a>\n            <\/div>","protected":false},"excerpt":{"rendered":"<p>Periodical publication for the dissemination of scientific works related to archaeological and museographic research.<\/p>","protected":false},"featured_media":18488,"template":"","meta":{"kia_subtitle":""},"product_brand":[],"product_cat":[1365],"product_tag":[],"class_list":{"0":"post-18663","1":"product","2":"type-product","3":"status-publish","4":"has-post-thumbnail","6":"product_cat-marq-arqueologia-y-museos","8":"first","9":"instock","10":"virtual","11":"product-type-simple"},"meta_box":{"ia_expediente":"","ia_ano":"","ia_fechas_de_actuacion":"","ia_municipios_comarcas":"","ia_directores":"","ia_periodos_culturales":"","ia_tipos_de_intervencion":"","ia_equipo_tecnico":"","ia_autores":"","ia_promotores":"","ia_deposito_de_materiales":"","ia_coordenadas_utm":""},"_links":{"self":[{"href":"https:\/\/marqalicante-admin.qwair.com\/en\/wp-json\/wp\/v2\/product\/18663","targetHints":{"allow":["GET"]}}],"collection":[{"href":"https:\/\/marqalicante-admin.qwair.com\/en\/wp-json\/wp\/v2\/product"}],"about":[{"href":"https:\/\/marqalicante-admin.qwair.com\/en\/wp-json\/wp\/v2\/types\/product"}],"wp:featuredmedia":[{"embeddable":true,"href":"https:\/\/marqalicante-admin.qwair.com\/en\/wp-json\/wp\/v2\/media\/18488"}],"wp:attachment":[{"href":"https:\/\/marqalicante-admin.qwair.com\/en\/wp-json\/wp\/v2\/media?parent=18663"}],"wp:term":[{"taxonomy":"product_brand","embeddable":true,"href":"https:\/\/marqalicante-admin.qwair.com\/en\/wp-json\/wp\/v2\/product_brand?post=18663"},{"taxonomy":"product_cat","embeddable":true,"href":"https:\/\/marqalicante-admin.qwair.com\/en\/wp-json\/wp\/v2\/product_cat?post=18663"},{"taxonomy":"product_tag","embeddable":true,"href":"https:\/\/marqalicante-admin.qwair.com\/en\/wp-json\/wp\/v2\/product_tag?post=18663"}],"curies":[{"name":"wp","href":"https:\/\/api.w.org\/{rel}","templated":true}]}}