{"id":18662,"date":"2025-02-03T07:09:32","date_gmt":"2025-02-03T07:09:32","guid":{"rendered":"https:\/\/marqalicante-admin.qwair.com\/item\/marq-arqueologia-y-museos-06-2\/"},"modified":"2025-06-04T16:33:27","modified_gmt":"2025-06-04T16:33:27","slug":"marq-arqueologia-y-museos-06-2","status":"publish","type":"product","link":"https:\/\/marqalicante-admin.qwair.com\/en\/product\/marq-arqueologia-y-museos-06-2\/","title":{"rendered":"MARQ, ARCHAEOLOGY AND MUSEUMS 06"},"content":{"rendered":"<div class=\"documento-item\">\n                    <h2 class=\"documento-title\">The Barranc Fondo Cave (X\u00e0tiva, Val\u00e8ncia). Materials deposited in the Museu de Prehist\u00f2ria de Val\u00e8ncia.<\/h2>\n        \n                    <p class=\"documento-subtitle\">Pablo Garc\u00eda Borja, \u00c1ngel Velasco Berzosa, Margarita Vadillo Conesa, Josep Llu\u00eds Pascual Benito, Mario Sanz Tormo and Emilio Cortell P\u00e9rez<\/p>\n        \n                    <a href=\"\/wp-content\/uploads\/2025\/01\/publi-revistas\/pub_86.pdf\" class=\"documento-btn\">\n                <i class=\"fas fa-file-pdf\"><\/i> Download PDF\n            <\/a>\n            <\/div>\n\n        \n    <div class=\"documento-item\">\n                    <h2 class=\"documento-title\">Evidence of support extraction as a method for the production of bone artefacts during the 2nd millennium BC in the Iberian Peninsula<\/h2>\n        \n                    <p class=\"documento-subtitle\">Manuel Altamirano Garc\u00eda<\/p>\n        \n                    <a href=\"\/wp-content\/uploads\/2025\/01\/publi-revistas\/pub_87.pdf\" class=\"documento-btn\">\n                <i class=\"fas fa-file-pdf\"><\/i> Download PDF\n            <\/a>\n            <\/div>\n\n        \n    <div class=\"documento-item\">\n                    <h2 class=\"documento-title\">Forged spaces in El Argar. The central building of Tira del Lienzo (Totana, Murcia).<\/h2>\n        \n                    <p class=\"documento-subtitle\">Selina Delgado-Raack, Vicente Lull, Katja Martin, Rafael Mic\u00f3, Cristina Rihuete Herrada and Roberto Risch<\/p>\n        \n                    <a href=\"\/wp-content\/uploads\/2025\/01\/publi-revistas\/pub_88.pdf\" class=\"documento-btn\">\n                <i class=\"fas fa-file-pdf\"><\/i> Download PDF\n            <\/a>\n            <\/div>\n\n        \n    <div class=\"documento-item\">\n                    <h2 class=\"documento-title\">Considerations on settlement during the Late Bronze Age in the Bajo Segura and Bajo Vinalop\u00f3 regions (Alicante).<\/h2>\n        \n                    <p class=\"documento-subtitle\">Sergio Mart\u00ednez Monle\u00f3n<\/p>\n        \n                    <a href=\"\/wp-content\/uploads\/2025\/01\/publi-revistas\/pub_89.pdf\" class=\"documento-btn\">\n                <i class=\"fas fa-file-pdf\"><\/i> Download PDF\n            <\/a>\n            <\/div>\n\n        \n    <div class=\"documento-item\">\n                    <h2 class=\"documento-title\">Mocking death. A new amulet from the necropolis of l'Albufereta.<\/h2>\n        \n                    <p class=\"documento-subtitle\">Enric Verd\u00fa Parra<\/p>\n        \n                    <a href=\"\/wp-content\/uploads\/2025\/01\/publi-revistas\/pub_90.pdf\" class=\"documento-btn\">\n                <i class=\"fas fa-file-pdf\"><\/i> Download PDF\n            <\/a>\n            <\/div>\n\n        \n    <div class=\"documento-item\">\n                    <h2 class=\"documento-title\">Rediscovering the Roman Villa of La Agualeja (Monforte del Cid, Alicante) 20 years later<\/h2>\n        \n                    <p class=\"documento-subtitle\">Francisco Andr\u00e9s Molina Mas<\/p>\n        \n                    <a href=\"\/wp-content\/uploads\/2025\/01\/publi-revistas\/pub_91.pdf\" class=\"documento-btn\">\n                <i class=\"fas fa-file-pdf\"><\/i> Download PDF\n            <\/a>\n            <\/div>\n\n        \n    <div class=\"documento-item\">\n                    <h2 class=\"documento-title\">A raft from the Roman period in the Juncaret ravine (Mutxamel)<\/h2>\n        \n                    <p class=\"documento-subtitle\">Anna Garcia Barrachina and Felipe Francisco Giner Pantoja<\/p>\n        \n                    <a href=\"\/wp-content\/uploads\/2025\/01\/publi-revistas\/pub_92.pdf\" class=\"documento-btn\">\n                <i class=\"fas fa-file-pdf\"><\/i> Download PDF\n            <\/a>\n            <\/div>\n\n        \n    <div class=\"documento-item\">\n                    <h2 class=\"documento-title\">The funerary register of Cabezo Pardo (San Isidro \/ Granja de Rocamora, Alicante).<\/h2>\n        \n                    <p class=\"documento-subtitle\">Juan Antonio L\u00f3pez Padilla, M\u00aa Teresa Xim\u00e9nez de Emb\u00fan S\u00e1nchez, Susana G\u00f3mez Gonz\u00e1lez, Alejandro Romero Rameta<\/p>\n        \n                    <a href=\"\/wp-content\/uploads\/2025\/01\/publi-revistas\/pub_93.pdf\" class=\"documento-btn\">\n                <i class=\"fas fa-file-pdf\"><\/i> Download PDF\n            <\/a>\n            <\/div>\n\n        \n    <div class=\"documento-item\">\n                    <h2 class=\"documento-title\">Environmental archaeologies for the knowledge of the palaeo-landscape and the use of its resources in Sharq Al-Andalus (8th-10th centuries AD)<\/h2>\n        \n                    <p class=\"documento-subtitle\">Rafael Azuar Ru\u00edz<\/p>\n        \n                    <a href=\"\/wp-content\/uploads\/2025\/01\/publi-revistas\/pub_94.pdf\" class=\"documento-btn\">\n                <i class=\"fas fa-file-pdf\"><\/i> Download PDF\n            <\/a>\n            <\/div>\n\n        \n    <div class=\"documento-item\">\n                    <h2 class=\"documento-title\">Dying in Ifach. A possible case of brucellosis in a double tomb in the medieval town of Ifach (Calp, Alicante).<\/h2>\n        \n                    <p class=\"documento-subtitle\">Stefania Malagutti and Jose Luis Menendez Fueyo<\/p>\n        \n                    <a href=\"\/wp-content\/uploads\/2025\/01\/publi-revistas\/pub_95.pdf\" class=\"documento-btn\">\n                <i class=\"fas fa-file-pdf\"><\/i> Download PDF\n            <\/a>\n            <\/div>\n\n        \n    <div class=\"documento-item\">\n                    <h2 class=\"documento-title\">MARQ Activities Report 2012 2014<\/h2>\n        \n                    <p class=\"documento-subtitle\">MARQ. Technical team<\/p>\n        \n                    <a href=\"\/wp-content\/uploads\/2025\/01\/publi-revistas\/pub_96.pdf\" class=\"documento-btn\">\n                <i class=\"fas fa-file-pdf\"><\/i> Download PDF\n            <\/a>\n            <\/div>","protected":false},"excerpt":{"rendered":"<p>Periodical publication for the dissemination of scientific works related to archaeological and museological-museographical research.<\/p>","protected":false},"featured_media":18487,"template":"","meta":{"kia_subtitle":""},"product_brand":[],"product_cat":[1365],"product_tag":[],"class_list":{"0":"post-18662","1":"product","2":"type-product","3":"status-publish","4":"has-post-thumbnail","6":"product_cat-marq-arqueologia-y-museos","8":"first","9":"instock","10":"virtual","11":"product-type-simple"},"meta_box":{"ia_expediente":"","ia_ano":"","ia_fechas_de_actuacion":"","ia_municipios_comarcas":"","ia_directores":"","ia_periodos_culturales":"","ia_tipos_de_intervencion":"","ia_equipo_tecnico":"","ia_autores":"","ia_promotores":"","ia_deposito_de_materiales":"","ia_coordenadas_utm":""},"_links":{"self":[{"href":"https:\/\/marqalicante-admin.qwair.com\/en\/wp-json\/wp\/v2\/product\/18662","targetHints":{"allow":["GET"]}}],"collection":[{"href":"https:\/\/marqalicante-admin.qwair.com\/en\/wp-json\/wp\/v2\/product"}],"about":[{"href":"https:\/\/marqalicante-admin.qwair.com\/en\/wp-json\/wp\/v2\/types\/product"}],"wp:featuredmedia":[{"embeddable":true,"href":"https:\/\/marqalicante-admin.qwair.com\/en\/wp-json\/wp\/v2\/media\/18487"}],"wp:attachment":[{"href":"https:\/\/marqalicante-admin.qwair.com\/en\/wp-json\/wp\/v2\/media?parent=18662"}],"wp:term":[{"taxonomy":"product_brand","embeddable":true,"href":"https:\/\/marqalicante-admin.qwair.com\/en\/wp-json\/wp\/v2\/product_brand?post=18662"},{"taxonomy":"product_cat","embeddable":true,"href":"https:\/\/marqalicante-admin.qwair.com\/en\/wp-json\/wp\/v2\/product_cat?post=18662"},{"taxonomy":"product_tag","embeddable":true,"href":"https:\/\/marqalicante-admin.qwair.com\/en\/wp-json\/wp\/v2\/product_tag?post=18662"}],"curies":[{"name":"wp","href":"https:\/\/api.w.org\/{rel}","templated":true}]}}